{"id":3098,"date":"2024-12-13T10:49:06","date_gmt":"2024-12-13T09:49:06","guid":{"rendered":"http:\/\/www.organismomediazionepavia.it\/?page_id=3098"},"modified":"2025-09-09T09:44:55","modified_gmt":"2025-09-09T07:44:55","slug":"le-modalita-di-presentazione-della-domanda","status":"publish","type":"page","link":"https:\/\/www.organismomediazionepavia.it\/index.php\/le-modalita-di-presentazione-della-domanda\/","title":{"rendered":"Le modalit\u00e0 di presentazione della domanda"},"content":{"rendered":"<div data-colibri-id=\"3098-c1\" class=\"style-329 style-local-3098-c1 position-relative\">\n  <!---->\n  <div data-colibri-component=\"section\" data-colibri-id=\"3098-c2\" id=\"custom\" class=\"h-section h-section-global-spacing d-flex align-items-lg-center align-items-md-center align-items-center style-330 style-local-3098-c2 position-relative\">\n    <!---->\n    <!---->\n    <div class=\"h-section-grid-container h-section-boxed-container\">\n      <!---->\n      <div data-colibri-id=\"3098-c3\" class=\"h-row-container gutters-row-lg-2 gutters-row-md-2 gutters-row-0 gutters-row-v-lg-2 gutters-row-v-md-2 gutters-row-v-2 style-331 style-local-3098-c3 position-relative\">\n        <!---->\n        <div class=\"h-row justify-content-lg-center justify-content-md-center justify-content-center align-items-lg-stretch align-items-md-stretch align-items-stretch gutters-col-lg-2 gutters-col-md-2 gutters-col-0 gutters-col-v-lg-2 gutters-col-v-md-2 gutters-col-v-2\">\n          <!---->\n          <div class=\"h-column h-column-container d-flex h-col-lg-auto h-col-md-auto h-col-auto style-332-outer style-local-3098-c4-outer\">\n            <div data-colibri-id=\"3098-c4\" class=\"d-flex h-flex-basis h-column__inner h-px-lg-2 h-px-md-2 h-px-2 v-inner-lg-2 v-inner-md-2 v-inner-2 style-332 style-local-3098-c4 position-relative\">\n              <!---->\n              <!---->\n              <div class=\"w-100 h-y-container h-column__content h-column__v-align flex-basis-100 align-self-lg-start align-self-md-start align-self-start\">\n                <!---->\n                <div data-colibri-id=\"3098-c5\" class=\"h-text h-text-component style-333 style-local-3098-c5 position-relative h-element\">\n                  <!---->\n                  <!---->\n                  <div class=\"\">\n                    <p>Per le mediazioni\n                      <u>obbligatorie<\/u> e per quelle\n                      <u>demandate<\/u>,\n                      <u>la domanda di mediazione si presenta esclusivamente tramite piattaforma sfera<\/u> (il legale dovr\u00e0 presentare la domanda accedendo dalla propria area riservata).<\/p>\n                    <p>Nelle materie in cui la mediazione \u00e8\n                      <u>facoltativa<\/u> la domanda potr\u00e0 essere presentata anche direttamente dalla parte personalmente mediante deposito in Segreteria nei giorni di marted\u00ec e di gioved\u00ec dalle ore 09.00 alle ore 12.00.<\/p>\n                    <p>Alla presentazione della domanda necessariamente dovr\u00e0 essere allegata la contabile del bonifico concernente il pagamento delle spese di avvio e delle indennit\u00e0 di primo incontro, il documento di identit\u00e0, la visura camerale per persone\n                      giuridiche, eventuale procura.<\/p>\n                    <p>\n                      <u>Patrocinio a spese dello Stato<\/u>: Le parti possono essere ammesse al patrocinio a spese dello Stato avendo un reddito inferiore ad \u20ac 12.838,01=. In tale caso sar\u00e0 necessario allegare il decreto di ammissione.<\/p>\n                  <\/div>\n                <\/div>\n              <\/div>\n            <\/div>\n          <\/div>\n        <\/div>\n      <\/div>\n      <div data-colibri-id=\"3098-c6\" class=\"h-row-container gutters-row-lg-2 gutters-row-md-2 gutters-row-0 gutters-row-v-lg-2 gutters-row-v-md-2 gutters-row-v-2 style-334 style-local-3098-c6 position-relative\">\n        <!---->\n        <div class=\"h-row justify-content-lg-center justify-content-md-center justify-content-center align-items-lg-stretch align-items-md-stretch align-items-stretch gutters-col-lg-2 gutters-col-md-2 gutters-col-0 gutters-col-v-lg-2 gutters-col-v-md-2 gutters-col-v-2\">\n          <!---->\n          <div class=\"h-column h-column-container d-flex h-col-lg-auto h-col-md-auto h-col-auto style-335-outer style-local-3098-c7-outer\">\n            <div data-colibri-id=\"3098-c7\" class=\"d-flex h-flex-basis h-column__inner h-px-lg-2 h-px-md-2 h-px-2 v-inner-lg-2 v-inner-md-2 v-inner-2 style-335 style-local-3098-c7 position-relative\">\n              <!---->\n              <!---->\n              <div class=\"w-100 h-y-container h-column__content h-column__v-align flex-basis-100 align-self-lg-start align-self-md-start align-self-start\">\n                <!---->\n                <div data-colibri-id=\"3098-c8\" class=\"h-x-container style-336 style-local-3098-c8 position-relative h-element\">\n                  <!---->\n                  <div class=\"h-x-container-inner style-dynamic-3098-c8-group style-336-spacing style-local-3098-c8-spacing\"><span class=\"h-button__outer style-337-outer style-local-3098-c9-outer d-inline-flex h-element\"><a h-use-smooth-scroll=\"true\" href=\"http:\/\/www.organismomediazionepavia.it\/wp-content\/uploads\/2025\/02\/ALLEGATO-INTEGRATIVO.pdf\" target=\"_blank\"  data-colibri-id=\"3098-c9\" class=\"d-flex w-100 align-items-center h-button justify-content-lg-center justify-content-md-center justify-content-center style-337 style-local-3098-c9 position-relative\"><!----><!----> <span>Allegato integrativo<\/span><\/a>\n                    <\/span>\n                  <\/div>\n                <\/div>\n                <div data-colibri-id=\"3098-c10\" class=\"h-x-container style-340 style-local-3098-c10 position-relative h-element\">\n                  <!---->\n                  <div class=\"h-x-container-inner style-dynamic-3098-c10-group style-340-spacing style-local-3098-c10-spacing\"><span class=\"h-button__outer style-341-outer style-local-3098-c11-outer d-inline-flex h-element\"><a h-use-smooth-scroll=\"true\" href=\"http:\/\/www.organismomediazionepavia.it\/wp-content\/uploads\/2024\/12\/patrocinio-mediazione.pdf\" target=\"_blank\"  data-colibri-id=\"3098-c11\" class=\"d-flex w-100 align-items-center h-button justify-content-lg-center justify-content-md-center justify-content-center style-341 style-local-3098-c11 position-relative\"><!----><!----> <span>Patrocinio Mediazione<\/span><\/a>\n                    <\/span>\n                  <\/div>\n                <\/div>\n                <div data-colibri-id=\"3098-c12\" class=\"h-x-container style-344 style-local-3098-c12 position-relative h-element\">\n                  <!---->\n                  <div class=\"h-x-container-inner style-dynamic-3098-c12-group style-344-spacing style-local-3098-c12-spacing\"><span class=\"h-button__outer style-345-outer style-local-3098-c13-outer d-inline-flex h-element\"><a h-use-smooth-scroll=\"true\" href=\"http:\/\/www.organismomediazionepavia.it\/wp-content\/uploads\/2024\/12\/scheda_di_valutazione_0.pdf\" target=\"_blank\"  data-colibri-id=\"3098-c13\" class=\"d-flex w-100 align-items-center h-button justify-content-lg-center justify-content-md-center justify-content-center style-345 style-local-3098-c13 position-relative\"><!----><!----> <span>Scheda di valutazione<\/span><\/a>\n                    <\/span>\n                  <\/div>\n                <\/div>\n                <div data-colibri-id=\"3098-c14\" class=\"h-x-container style-346 style-local-3098-c14 position-relative h-element\">\n                  <!---->\n                  <div class=\"h-x-container-inner style-dynamic-3098-c14-group style-346-spacing style-local-3098-c14-spacing\"><span class=\"h-button__outer style-347-outer style-local-3098-c15-outer d-inline-flex h-element\"><a h-use-smooth-scroll=\"true\" href=\"http:\/\/www.organismomediazionepavia.it\/wp-content\/uploads\/2025\/02\/DOMANDA-DI-MEDIAZIONE-CONGIUNTA.pdf\" target=\"_blank\"  data-colibri-id=\"3098-c15\" class=\"d-flex w-100 align-items-center h-button justify-content-lg-center justify-content-md-center justify-content-center style-347 style-local-3098-c15 position-relative\"><!----><!----> <span>Domanda congiunta<\/span><\/a>\n                    <\/span>\n                  <\/div>\n                <\/div>\n                <div data-colibri-id=\"3098-c16\" class=\"h-x-container style-348 style-local-3098-c16 position-relative h-element\">\n                  <!---->\n                  <div class=\"h-x-container-inner style-dynamic-3098-c16-group style-348-spacing style-local-3098-c16-spacing\"><span class=\"h-button__outer style-349-outer style-local-3098-c17-outer d-inline-flex h-element\"><a h-use-smooth-scroll=\"true\" href=\"http:\/\/www.organismomediazionepavia.it\/wp-content\/uploads\/2025\/02\/DOMANDA-DI-MEDIAZIONE.pdf\" target=\"_blank\"  data-colibri-id=\"3098-c17\" class=\"d-flex w-100 align-items-center h-button justify-content-lg-center justify-content-md-center justify-content-center style-349 style-local-3098-c17 position-relative\"><!----><!----> <span>Domanda di mediazione<\/span><\/a>\n                    <\/span>\n                  <\/div>\n                <\/div>\n                <div data-colibri-id=\"3098-c18\" class=\"h-x-container style-352 style-local-3098-c18 position-relative h-element\">\n                  <!---->\n                  <div class=\"h-x-container-inner style-dynamic-3098-c18-group style-352-spacing style-local-3098-c18-spacing\"><span class=\"h-button__outer style-353-outer style-local-3098-c19-outer d-inline-flex h-element\"><a h-use-smooth-scroll=\"true\" href=\"http:\/\/www.organismomediazionepavia.it\/wp-content\/uploads\/2025\/02\/Informativa-Privacy-Mediazione.pdf\" target=\"_blank\"  data-colibri-id=\"3098-c19\" class=\"d-flex w-100 align-items-center h-button justify-content-lg-center justify-content-md-center justify-content-center style-353 style-local-3098-c19 position-relative\"><!----><!----> <span>Informativa Privacy Mediazione<\/span><\/a>\n                    <\/span>\n                  <\/div>\n                <\/div>\n                <div data-colibri-id=\"3098-c20\" class=\"h-x-container style-354 style-local-3098-c20 position-relative h-element\">\n                  <!---->\n                  <div class=\"h-x-container-inner style-dynamic-3098-c20-group style-354-spacing style-local-3098-c20-spacing\"><span class=\"h-button__outer style-355-outer style-local-3098-c21-outer d-inline-flex h-element\"><a h-use-smooth-scroll=\"true\" href=\"http:\/\/www.organismomediazionepavia.it\/wp-content\/uploads\/2025\/02\/ADESIONE-ALLA-MEDIAZIONE.pdf\" target=\"_blank\"  data-colibri-id=\"3098-c21\" class=\"d-flex w-100 align-items-center h-button justify-content-lg-center justify-content-md-center justify-content-center style-355 style-local-3098-c21 position-relative\"><!----><!----> <span>Modulo Adesione<\/span><\/a>\n                    <\/span>\n                  <\/div>\n                <\/div>\n                <div data-colibri-id=\"3098-c22\" class=\"h-x-container style-356 style-local-3098-c22 position-relative h-element\">\n                  <!---->\n                  <div class=\"h-x-container-inner style-dynamic-3098-c22-group style-356-spacing style-local-3098-c22-spacing\"><span class=\"h-button__outer style-357-outer style-local-3098-c23-outer d-inline-flex h-element\"><a h-use-smooth-scroll=\"true\" href=\"http:\/\/www.organismomediazionepavia.it\/wp-content\/uploads\/2024\/12\/MODALITA-TELEMATICA-FIRMA-DIGITALE.pdf\" target=\"_blank\"  data-colibri-id=\"3098-c23\" class=\"d-flex w-100 align-items-center h-button justify-content-lg-center justify-content-md-center justify-content-center style-357 style-local-3098-c23 position-relative\"><!----><!----> <span>Chiarimenti modalit\u00e0 incontri telematici<\/span><\/a>\n                    <\/span>\n                  <\/div>\n                <\/div>\n                <div data-colibri-id=\"3098-c24\" class=\"h-x-container style-500 style-local-3098-c24 position-relative h-element\">\n                  <!---->\n                  <div class=\"h-x-container-inner style-dynamic-3098-c24-group style-500-spacing style-local-3098-c24-spacing\"><span class=\"h-button__outer style-501-outer style-local-3098-c25-outer d-inline-flex h-element\"><a h-use-smooth-scroll=\"true\" href=\"http:\/\/www.organismomediazionepavia.it\/wp-content\/uploads\/2025\/09\/Delega-Rev1_1.pdf\" target=\"_blank\"  data-colibri-id=\"3098-c25\" class=\"d-flex w-100 align-items-center h-button justify-content-lg-center justify-content-md-center justify-content-center style-501 style-local-3098-c25 position-relative\"><!----><!----> <span>Delega<\/span><\/a>\n                    <\/span>\n                  <\/div>\n                <\/div>\n              <\/div>\n            <\/div>\n          <\/div>\n        <\/div>\n      <\/div>\n    <\/div>\n  <\/div>\n<\/div>","protected":false},"excerpt":{"rendered":"<p>Per le mediazioni obbligatorie e per quelle demandate, la domanda di mediazione si presenta esclusivamente tramite piattaforma sfera (il legale dovr\u00e0 presentare la domanda accedendo dalla propria area riservata). Nelle materie in cui la mediazione \u00e8 facoltativa la domanda potr\u00e0 essere presentata anche direttamente dalla parte personalmente mediante deposito in Segreteria nei giorni di marted\u00ec [&hellip;]<\/p>\n","protected":false},"author":3,"featured_media":0,"parent":0,"menu_order":0,"comment_status":"closed","ping_status":"closed","template":"page-templates\/full-width-page.php","meta":{"footnotes":""},"class_list":["post-3098","page","type-page","status-publish","hentry"],"_links":{"self":[{"href":"https:\/\/www.organismomediazionepavia.it\/index.php\/wp-json\/wp\/v2\/pages\/3098","targetHints":{"allow":["GET"]}}],"collection":[{"href":"https:\/\/www.organismomediazionepavia.it\/index.php\/wp-json\/wp\/v2\/pages"}],"about":[{"href":"https:\/\/www.organismomediazionepavia.it\/index.php\/wp-json\/wp\/v2\/types\/page"}],"author":[{"embeddable":true,"href":"https:\/\/www.organismomediazionepavia.it\/index.php\/wp-json\/wp\/v2\/users\/3"}],"replies":[{"embeddable":true,"href":"https:\/\/www.organismomediazionepavia.it\/index.php\/wp-json\/wp\/v2\/comments?post=3098"}],"version-history":[{"count":11,"href":"https:\/\/www.organismomediazionepavia.it\/index.php\/wp-json\/wp\/v2\/pages\/3098\/revisions"}],"predecessor-version":[{"id":3590,"href":"https:\/\/www.organismomediazionepavia.it\/index.php\/wp-json\/wp\/v2\/pages\/3098\/revisions\/3590"}],"wp:attachment":[{"href":"https:\/\/www.organismomediazionepavia.it\/index.php\/wp-json\/wp\/v2\/media?parent=3098"}],"curies":[{"name":"wp","href":"https:\/\/api.w.org\/{rel}","templated":true}]}}