{"id":3145,"date":"2024-12-13T11:05:19","date_gmt":"2024-12-13T10:05:19","guid":{"rendered":"http:\/\/www.organismomediazionepavia.it\/?page_id=3145"},"modified":"2024-12-13T11:05:59","modified_gmt":"2024-12-13T10:05:59","slug":"la-procedura-di-mediazione","status":"publish","type":"page","link":"https:\/\/www.organismomediazionepavia.it\/index.php\/la-procedura-di-mediazione\/","title":{"rendered":"La Procedura di mediazione"},"content":{"rendered":"<div data-colibri-id=\"3145-c1\" class=\"style-358 style-local-3145-c1 position-relative\">\n  <!---->\n  <div data-colibri-component=\"section\" data-colibri-id=\"3145-c6\" id=\"custom\" class=\"h-section h-section-global-spacing d-flex align-items-lg-center align-items-md-center align-items-center style-363 style-local-3145-c6 position-relative\">\n    <!---->\n    <!---->\n    <div class=\"h-section-grid-container h-section-boxed-container\">\n      <!---->\n      <div data-colibri-id=\"3145-c7\" class=\"h-row-container gutters-row-lg-2 gutters-row-md-2 gutters-row-0 gutters-row-v-lg-2 gutters-row-v-md-2 gutters-row-v-2 style-364 style-local-3145-c7 position-relative\">\n        <!---->\n        <div class=\"h-row justify-content-lg-center justify-content-md-center justify-content-center align-items-lg-stretch align-items-md-stretch align-items-stretch gutters-col-lg-2 gutters-col-md-2 gutters-col-0 gutters-col-v-lg-2 gutters-col-v-md-2 gutters-col-v-2\">\n          <!---->\n          <div class=\"h-column h-column-container d-flex h-col-lg-auto h-col-md-auto h-col-auto style-365-outer style-local-3145-c8-outer\">\n            <div data-colibri-id=\"3145-c8\" class=\"d-flex h-flex-basis h-column__inner h-px-lg-2 h-px-md-2 h-px-2 v-inner-lg-2 v-inner-md-2 v-inner-2 style-365 style-local-3145-c8 position-relative\">\n              <!---->\n              <!---->\n              <div class=\"w-100 h-y-container h-column__content h-column__v-align flex-basis-100 align-self-lg-start align-self-md-start align-self-start\">\n                <!---->\n                <div data-colibri-id=\"3145-c9\" class=\"h-text h-text-component style-366 style-local-3145-c9 position-relative h-element\">\n                  <!---->\n                  <!---->\n                  <div class=\"\">\n                    <p>La mediazione civile e commerciale (mediazione finalizzata alla conciliazione delle controversie civili e commerciali) \u00e8 l&#8217;attivit\u00e0, comunque denominata, svolta da un terzo imparziale e finalizzata ad assistere due o pi\u00f9 soggetti nella\n                      ricerca di un accordo amichevole per la composizione di una controversia.<\/p>\n                    <p>La mediazione pu\u00f2 svolgersi, su domanda anche di una sola delle parti, in modalit\u00e0 telematica, in tali casi gli incontri si svolgono con collegamento audiovisivo da remoto. A conclusione della mediazione il mediatore forma un unico\n                      documento informatico, in formato nativo digitale, contenente il verbale e l&#8217;eventuale accordo e lo invia alle parti per la sottoscrizione mediante firma digitale o altro tipo di firma elettronica qualificata. <\/p>\n                    <p>Le parti possono durante la procedura di mediazione ritirarsi dalla stessa, in tali casi saranno comunque da corrispondere le spese e le indennit\u00e0 di mediazione maturate e calcolate dalla Segreteria.<\/p>\n                    <p>La\n                      <u>durata <\/u>della procedura \u00e8 di mesi tre, prorogabili per un medesimo periodo su accordo delle parti.<\/p>\n                  <\/div>\n                <\/div>\n              <\/div>\n            <\/div>\n          <\/div>\n        <\/div>\n      <\/div>\n    <\/div>\n  <\/div>\n<\/div>","protected":false},"excerpt":{"rendered":"<p>La mediazione civile e commerciale (mediazione finalizzata alla conciliazione delle controversie civili e commerciali) \u00e8 l&#8217;attivit\u00e0, comunque denominata, svolta da un terzo imparziale e finalizzata ad assistere due o pi\u00f9 soggetti nella ricerca di un accordo amichevole per la composizione di una controversia. La mediazione pu\u00f2 svolgersi, su domanda anche di una sola delle parti, [&hellip;]<\/p>\n","protected":false},"author":3,"featured_media":0,"parent":0,"menu_order":0,"comment_status":"closed","ping_status":"closed","template":"page-templates\/full-width-page.php","meta":{"footnotes":""},"class_list":["post-3145","page","type-page","status-publish","hentry"],"_links":{"self":[{"href":"https:\/\/www.organismomediazionepavia.it\/index.php\/wp-json\/wp\/v2\/pages\/3145","targetHints":{"allow":["GET"]}}],"collection":[{"href":"https:\/\/www.organismomediazionepavia.it\/index.php\/wp-json\/wp\/v2\/pages"}],"about":[{"href":"https:\/\/www.organismomediazionepavia.it\/index.php\/wp-json\/wp\/v2\/types\/page"}],"author":[{"embeddable":true,"href":"https:\/\/www.organismomediazionepavia.it\/index.php\/wp-json\/wp\/v2\/users\/3"}],"replies":[{"embeddable":true,"href":"https:\/\/www.organismomediazionepavia.it\/index.php\/wp-json\/wp\/v2\/comments?post=3145"}],"version-history":[{"count":3,"href":"https:\/\/www.organismomediazionepavia.it\/index.php\/wp-json\/wp\/v2\/pages\/3145\/revisions"}],"predecessor-version":[{"id":3151,"href":"https:\/\/www.organismomediazionepavia.it\/index.php\/wp-json\/wp\/v2\/pages\/3145\/revisions\/3151"}],"wp:attachment":[{"href":"https:\/\/www.organismomediazionepavia.it\/index.php\/wp-json\/wp\/v2\/media?parent=3145"}],"curies":[{"name":"wp","href":"https:\/\/api.w.org\/{rel}","templated":true}]}}